{"id":2294,"date":"2025-08-12T14:48:38","date_gmt":"2025-08-12T14:48:38","guid":{"rendered":"https:\/\/arrendavalor.com\/?page_id=2294"},"modified":"2025-08-20T15:59:22","modified_gmt":"2025-08-20T15:59:22","slug":"entre-em-contacto","status":"publish","type":"page","link":"https:\/\/arrendavalor.com\/?page_id=2294","title":{"rendered":"Entre em contacto Final"},"content":{"rendered":"\t\t<div data-elementor-type=\"wp-page\" data-elementor-id=\"2294\" class=\"elementor elementor-2294\">\n\t\t\t\t<div class=\"elementor-element elementor-element-e1fbd31 e-con-full e-flex e-con e-parent\" data-id=\"e1fbd31\" data-element_type=\"container\" data-settings=\"{&quot;background_background&quot;:&quot;classic&quot;}\">\n\t\t<div class=\"elementor-element elementor-element-7753cee e-con-full e-flex e-con e-child\" data-id=\"7753cee\" data-element_type=\"container\">\n\t\t\t\t<div class=\"elementor-element elementor-element-d25cea7 elementor-widget-tablet__width-initial elementor-widget elementor-widget-heading\" data-id=\"d25cea7\" data-element_type=\"widget\" data-widget_type=\"heading.default\">\n\t\t\t\t<div class=\"elementor-widget-container\">\n\t\t\t\t\t<h2 class=\"elementor-heading-title elementor-size-default\">Entre em contacto conosco<\/h2>\t\t\t\t<\/div>\n\t\t\t\t<\/div>\n\t\t\t\t<div class=\"elementor-element elementor-element-d209a50 elementor-widget__width-initial elementor-widget elementor-widget-text-editor\" data-id=\"d209a50\" data-element_type=\"widget\" data-widget_type=\"text-editor.default\">\n\t\t\t\t<div class=\"elementor-widget-container\">\n\t\t\t\t\t\t\t\t\t<p>Tem d\u00favidas, precisa de esclarecimentos ou quer come\u00e7ar a otimizar o seu investimento?<\/p><p>Estamos \u00e0 sua disposi\u00e7\u00e3o para conversar.<\/p><p>N\u00e3o hesite em entrar em contacto por telefone ou email, teremos todo o gosto em responder o mais breve poss\u00edvel.<\/p>\t\t\t\t\t\t\t\t<\/div>\n\t\t\t\t<\/div>\n\t\t\t\t<\/div>\n\t\t<div class=\"elementor-element elementor-element-59d4636 e-con-full e-flex e-con e-child\" data-id=\"59d4636\" data-element_type=\"container\">\n\t\t\t\t<div class=\"elementor-element elementor-element-523b688 elementor-widget__width-initial elementor-widget elementor-widget-heading\" data-id=\"523b688\" data-element_type=\"widget\" data-widget_type=\"heading.default\">\n\t\t\t\t<div class=\"elementor-widget-container\">\n\t\t\t\t\t<h2 class=\"elementor-heading-title elementor-size-default\">Duarte Veloso<\/h2>\t\t\t\t<\/div>\n\t\t\t\t<\/div>\n\t\t\t\t<div class=\"elementor-element elementor-element-6f867a8 elementor-widget__width-initial elementor-widget elementor-widget-text-editor\" data-id=\"6f867a8\" data-element_type=\"widget\" data-widget_type=\"text-editor.default\">\n\t\t\t\t<div class=\"elementor-widget-container\">\n\t\t\t\t\t\t\t\t\t<p><b>+ 351 911 563 523<\/b><\/p>\t\t\t\t\t\t\t\t<\/div>\n\t\t\t\t<\/div>\n\t\t\t\t<div class=\"elementor-element elementor-element-e5b501a elementor-widget__width-initial elementor-widget elementor-widget-text-editor\" data-id=\"e5b501a\" data-element_type=\"widget\" data-widget_type=\"text-editor.default\">\n\t\t\t\t<div class=\"elementor-widget-container\">\n\t\t\t\t\t\t\t\t\t<p><a href=\"mailto:arrendavalor@gmail.com?subject=Pedido%20de%20informa\u00e7\u00f5es%20sobre%20servi\u00e7os&amp;body=Ol\u00e1,%20boa%20tarde.%0A%0AO%20meu%20nome%20\u00e9%20[SEU%20NOME]%20e%20gostaria%20de%20saber%20mais%20sobre%20os%20vossos%20servi\u00e7os.%20Podemos%20agendar%20uma%20chamada%20para%20esta%20semana?%20O%20melhor%20momento%20para%20mim%20seria%20no%20dia%20[DIA]%20\u00e0s%20[HORA].%0A%0AMuito%20obrigado.%0AAtenciosamente,%0A%0A[SEU%20NOME]\">arrendavalor@gmail.com<\/a><\/p>\t\t\t\t\t\t\t\t<\/div>\n\t\t\t\t<\/div>\n\t\t\t\t<div class=\"elementor-element elementor-element-b11dcbf elementor-widget elementor-widget-image\" data-id=\"b11dcbf\" data-element_type=\"widget\" data-widget_type=\"image.default\">\n\t\t\t\t<div class=\"elementor-widget-container\">\n\t\t\t\t\t\t\t\t\t\t\t\t\t\t\t<img fetchpriority=\"high\" decoding=\"async\" width=\"544\" height=\"678\" src=\"https:\/\/arrendavalor.com\/wp-content\/uploads\/2024\/02\/Foto-TOLC-E.jpg\" class=\"attachment-large size-large wp-image-1437\" alt=\"\" srcset=\"https:\/\/arrendavalor.com\/wp-content\/uploads\/2024\/02\/Foto-TOLC-E.jpg 544w, https:\/\/arrendavalor.com\/wp-content\/uploads\/2024\/02\/Foto-TOLC-E-241x300.jpg 241w\" sizes=\"(max-width: 544px) 100vw, 544px\" \/>\t\t\t\t\t\t\t\t\t\t\t\t\t\t\t<\/div>\n\t\t\t\t<\/div>\n\t\t\t\t<\/div>\n\t\t\t\t<\/div>\n\t\t<div class=\"elementor-element elementor-element-b36989c e-con-full e-flex e-con e-parent\" data-id=\"b36989c\" data-element_type=\"container\">\n\t\t\t\t<div class=\"elementor-element elementor-element-c3fb21b my-gradient-divider-contact elementor-widget-divider--view-line elementor-widget elementor-widget-divider\" data-id=\"c3fb21b\" data-element_type=\"widget\" data-widget_type=\"divider.default\">\n\t\t\t\t<div class=\"elementor-widget-container\">\n\t\t\t\t\t\t\t<div class=\"elementor-divider\">\n\t\t\t<span class=\"elementor-divider-separator\">\n\t\t\t\t\t\t<\/span>\n\t\t<\/div>\n\t\t\t\t\t\t<\/div>\n\t\t\t\t<\/div>\n\t\t\t\t<\/div>\n\t\t\t\t<\/div>\n\t\t","protected":false},"excerpt":{"rendered":"<p>Entre em contacto conosco Tem d\u00favidas, precisa de esclarecimentos ou quer come\u00e7ar a otimizar o seu investimento? Estamos \u00e0 sua disposi\u00e7\u00e3o para conversar. N\u00e3o hesite em entrar em contacto por telefone ou email, teremos todo o gosto em responder o mais breve poss\u00edvel. Duarte Veloso + 351 911 563 523 arrendavalor@gmail.com<\/p>\n","protected":false},"author":2,"featured_media":0,"parent":0,"menu_order":0,"comment_status":"closed","ping_status":"closed","template":"","meta":{"footnotes":""},"class_list":["post-2294","page","type-page","status-publish","hentry"],"_links":{"self":[{"href":"https:\/\/arrendavalor.com\/index.php?rest_route=\/wp\/v2\/pages\/2294","targetHints":{"allow":["GET"]}}],"collection":[{"href":"https:\/\/arrendavalor.com\/index.php?rest_route=\/wp\/v2\/pages"}],"about":[{"href":"https:\/\/arrendavalor.com\/index.php?rest_route=\/wp\/v2\/types\/page"}],"author":[{"embeddable":true,"href":"https:\/\/arrendavalor.com\/index.php?rest_route=\/wp\/v2\/users\/2"}],"replies":[{"embeddable":true,"href":"https:\/\/arrendavalor.com\/index.php?rest_route=%2Fwp%2Fv2%2Fcomments&post=2294"}],"version-history":[{"count":78,"href":"https:\/\/arrendavalor.com\/index.php?rest_route=\/wp\/v2\/pages\/2294\/revisions"}],"predecessor-version":[{"id":3395,"href":"https:\/\/arrendavalor.com\/index.php?rest_route=\/wp\/v2\/pages\/2294\/revisions\/3395"}],"wp:attachment":[{"href":"https:\/\/arrendavalor.com\/index.php?rest_route=%2Fwp%2Fv2%2Fmedia&parent=2294"}],"curies":[{"name":"wp","href":"https:\/\/api.w.org\/{rel}","templated":true}]}}